{"id":27892,"date":"2019-01-03T16:37:25","date_gmt":"2019-01-03T16:37:25","guid":{"rendered":"http:\/\/andorra-advisory.com\/nuestro-equipo"},"modified":"2021-01-23T17:58:45","modified_gmt":"2021-01-23T17:58:45","slug":"nuestro-equipo","status":"publish","type":"page","link":"https:\/\/andorra-advisory.com\/en\/nuestro-equipo\/","title":{"rendered":"Our team"},"content":{"rendered":"<div class=\"fusion-fullwidth fullwidth-box fusion-builder-row-1 hundred-percent-fullwidth non-hundred-percent-height-scrolling\" style=\"--awb-border-radius-top-left:0px;--awb-border-radius-top-right:0px;--awb-border-radius-bottom-right:0px;--awb-border-radius-bottom-left:0px;--awb-overflow:visible;--awb-flex-wrap:wrap;\" ><div class=\"fusion-builder-row fusion-row\"><div class=\"fusion-layout-column fusion_builder_column fusion-builder-column-0 fusion_builder_column_1_2 1_2 fusion-one-half fusion-column-first\" style=\"--awb-bg-blend:overlay;--awb-bg-size:cover;width:50%;width:calc(50% - ( ( 4% ) * 0.5 ) );margin-right: 4%;\"><div class=\"fusion-column-wrapper fusion-flex-column-wrapper-legacy\"><div class=\"fusion-person person fusion-person-left fusion-person-1 fusion-person-icon-top\" style=\"--awb-pic-style-color:#000000;--awb-pic-borderradius:0px;--awb-margin-top:0px;--awb-margin-right:0px;--awb-margin-bottom:0px;--awb-margin-left:0px;--awb-social-box-border-top:0px;--awb-social-box-border-right:0px;--awb-social-box-border-bottom:0px;--awb-social-box-border-left:0px;--awb-social-box-border-color:var(--awb-color3);--awb-social-box-border-color-hover:var(--awb-color4);--awb-social-box-colors-hover:rgba(232,232,232,0.8);--awb-social-icon-boxed-colors:#e8e8e8;--awb-social-icon-colors:#bebdbd;--awb-social-icon-colors-hover:rgba(190,189,189,0.8);\"><div class=\"person-shortcode-image-wrapper\"><div class=\"person-image-container hover-type-none\" style=\"border:0px solid #f6f6f6;-webkit-border-radius:0px;-moz-border-radius:0px;border-radius:0px;\"><img decoding=\"async\" class=\"person-img img-responsive wp-image-27893\" width=\"580\" height=\"388\" src=\"http:\/\/andorra-advisory.com\/wp-content\/uploads\/2019\/01\/pere-pelufo.jpg\" alt=\"Pere Pelufo Mu\u00f1oz\" srcset=\"https:\/\/andorra-advisory.com\/wp-content\/uploads\/2019\/01\/pere-pelufo-200x134.jpg 200w, https:\/\/andorra-advisory.com\/wp-content\/uploads\/2019\/01\/pere-pelufo-400x268.jpg 400w, https:\/\/andorra-advisory.com\/wp-content\/uploads\/2019\/01\/pere-pelufo.jpg 580w\" sizes=\"(max-width: 800px) 100vw, 580px\" \/><\/div><\/div><div class=\"person-desc\"><div class=\"person-author\"><div class=\"person-author-wrapper\"><span class=\"person-name\">Pere Pelufo Mu\u00f1oz<\/span><span class=\"person-title\"> Economist. Founder<\/span><\/div><div class=\"fusion-social-networks boxed-icons\"><div class=\"fusion-social-networks-wrapper\"><a class=\"fusion-social-network-icon fusion-tooltip fusion-linkedin awb-icon-linkedin custom\" aria-label=\"fusion-linkedin\" href=\"https:\/\/www.linkedin.com\/in\/pere-pelufo-mu\u00f1oz\/\" target=\"_blank\" rel=\"noopener noreferrer\" style=\"color:#bebdbd;background-color:#e8e8e8;border-color:var(--awb-color3);border-radius:4px;font-size:16px;padding:8px;\" data-placement=\"top\" data-title=\"LinkedIn\" title=\"LinkedIn\" data-toggle=\"tooltip\"><\/a><a class=\"fusion-social-network-icon fusion-tooltip fusion-twitter awb-icon-twitter custom\" aria-label=\"fusion-twitter\" href=\"https:\/\/twitter.com\/perepelufomuoz\" target=\"_blank\" rel=\"noopener noreferrer\" style=\"color:#bebdbd;background-color:#e8e8e8;border-color:var(--awb-color3);border-radius:4px;font-size:16px;padding:8px;\" data-placement=\"top\" data-title=\"Twitter\" title=\"Twitter\" data-toggle=\"tooltip\"><\/a><a class=\"fusion-social-network-icon fusion-tooltip fusion-mail awb-icon-mail custom\" aria-label=\"fusion-mail\" href=\"mailto:&#112;peluf&#111;&#064;a&#110;dor&#114;&#097;-&#097;dviso&#114;y.c&#111;m\" target=\"_self\" style=\"color:#bebdbd;background-color:#e8e8e8;border-color:var(--awb-color3);border-radius:4px;font-size:16px;padding:8px;\" data-placement=\"top\" data-title=\"Mail\" title=\"Mail\" data-toggle=\"tooltip\"><\/a><\/div><\/div><\/div><div class=\"person-content fusion-clearfix\">Bachelor of Economics. Master in sports management. Economist since 1996, expert in sports management and taxation. He has developed his professional activity as director of sports centers and in business strategy and tax consulting.<\/div><\/div><\/div><div class=\"fusion-clearfix\"><\/div><\/div><\/div><div class=\"fusion-layout-column fusion_builder_column fusion-builder-column-1 fusion_builder_column_1_2 1_2 fusion-one-half fusion-column-last\" style=\"--awb-bg-blend:overlay;--awb-bg-size:cover;width:50%;width:calc(50% - ( ( 4% ) * 0.5 ) );\"><div class=\"fusion-column-wrapper fusion-flex-column-wrapper-legacy\"><div class=\"fusion-person person fusion-person-left fusion-person-2 fusion-person-icon-top\" style=\"--awb-pic-style-color:#000000;--awb-pic-borderradius:0px;--awb-margin-top:0px;--awb-margin-right:0px;--awb-margin-bottom:0px;--awb-margin-left:0px;--awb-social-box-border-top:0px;--awb-social-box-border-right:0px;--awb-social-box-border-bottom:0px;--awb-social-box-border-left:0px;--awb-social-box-border-color:var(--awb-color3);--awb-social-box-border-color-hover:var(--awb-color4);--awb-social-box-colors-hover:rgba(232,232,232,0.8);--awb-social-icon-boxed-colors:#e8e8e8;--awb-social-icon-colors:#bebdbd;--awb-social-icon-colors-hover:rgba(190,189,189,0.8);\"><div class=\"person-shortcode-image-wrapper\"><div class=\"person-image-container hover-type-none\" style=\"border:0px solid #f6f6f6;-webkit-border-radius:0px;-moz-border-radius:0px;border-radius:0px;\"><img decoding=\"async\" class=\"person-img img-responsive wp-image-108555\" width=\"580\" height=\"388\" src=\"http:\/\/andorra-advisory.com\/wp-content\/uploads\/2021\/01\/edgar-bartus.jpg\" alt=\"Edgar Bast\u00fas Suau\" srcset=\"https:\/\/andorra-advisory.com\/wp-content\/uploads\/2021\/01\/edgar-bartus-200x134.jpg 200w, https:\/\/andorra-advisory.com\/wp-content\/uploads\/2021\/01\/edgar-bartus-400x268.jpg 400w, https:\/\/andorra-advisory.com\/wp-content\/uploads\/2021\/01\/edgar-bartus.jpg 580w\" sizes=\"(max-width: 800px) 100vw, 580px\" \/><\/div><\/div><div class=\"person-desc\"><div class=\"person-author\"><div class=\"person-author-wrapper\"><span class=\"person-name\">Edgar Bast\u00fas Suau<\/span><span class=\"person-title\">Tax consultant<\/span><\/div><div class=\"fusion-social-networks boxed-icons\"><div class=\"fusion-social-networks-wrapper\"><a class=\"fusion-social-network-icon fusion-tooltip fusion-linkedin awb-icon-linkedin custom\" aria-label=\"fusion-linkedin\" href=\"https:\/\/www.linkedin.com\/in\/edgar-bast\u00fas-suau-27682117\/\" target=\"_blank\" rel=\"noopener noreferrer\" style=\"color:#bebdbd;background-color:#e8e8e8;border-color:var(--awb-color3);border-radius:4px;font-size:16px;padding:8px;\" data-placement=\"top\" data-title=\"LinkedIn\" title=\"LinkedIn\" data-toggle=\"tooltip\"><\/a><a class=\"fusion-social-network-icon fusion-tooltip fusion-mail awb-icon-mail custom\" aria-label=\"fusion-mail\" href=\"mailto:&#105;&#110;&#102;&#111;&#064;&#097;ndor&#114;&#097;&#045;&#097;dv&#105;s&#111;r&#121;&#046;c&#111;m\" target=\"_self\" style=\"color:#bebdbd;background-color:#e8e8e8;border-color:var(--awb-color3);border-radius:4px;font-size:16px;padding:8px;\" data-placement=\"top\" data-title=\"Mail\" title=\"Mail\" data-toggle=\"tooltip\"><\/a><\/div><\/div><\/div><div class=\"person-content fusion-clearfix\">Bachelor of Business Administration and MBA from ESADE (Barcelona, \u200b\u200b1987). Tax advisor with 25 years of experience in Spain and 8 in Andorra. He has developed his professional activity in Spain as an internal tax advisor in several Spanish corporations and in Andorra as a consultant and tax advisor for entrepreneurs, professionals, family wealth and companies.<\/div><\/div><\/div><div class=\"fusion-clearfix\"><\/div><\/div><\/div><div class=\"fusion-layout-column fusion_builder_column fusion-builder-column-2 fusion_builder_column_1_1 1_1 fusion-one-full fusion-column-first fusion-column-last fusion-column-no-min-height\" style=\"--awb-bg-size:cover;--awb-margin-bottom:0px;\"><div class=\"fusion-column-wrapper fusion-flex-column-wrapper-legacy\"><div class=\"fusion-sep-clear\"><\/div><div class=\"fusion-separator fusion-full-width-sep\" style=\"margin-left: auto;margin-right: auto;margin-top:15px;margin-bottom:15px;width:100%;\"><\/div><div class=\"fusion-sep-clear\"><\/div><div class=\"fusion-clearfix\"><\/div><\/div><\/div><div class=\"fusion-layout-column fusion_builder_column fusion-builder-column-3 fusion_builder_column_1_1 1_1 fusion-one-full fusion-column-first fusion-column-last fusion-column-no-min-height\" style=\"--awb-bg-size:cover;--awb-margin-bottom:0px;\"><div class=\"fusion-column-wrapper fusion-flex-column-wrapper-legacy\"><div class=\"fusion-reading-box-container reading-box-container-1\" style=\"--awb-title-color:#333333;--awb-margin-top:0px;--awb-margin-bottom:84px;\"><div class=\"reading-box\" style=\"background-color:#f6f6f6;border-width:1px;border-color:#f6f6f6;border-top-width:3px;border-top-color:var(--primary_color);border-style:solid;\"><a class=\"button fusion-button button-default fusion-button-default-size button-default-size button-flat fusion-desktop-button fusion-tagline-button continue fusion-desktop-button-margin continue-right\" style=\"-webkit-box-shadow:none;-moz-box-shadow:none;box-shadow:none;border-radius:2px 2px 2px 2px\" href=\"http:\/\/themeforest.net\/user\/ThemeFusion\" target=\"_self\"><span>Envia tu CV<\/span><\/a><h2>\u00bfQuieres trabajar con nosotros?<\/h2><div class=\"reading-box-description fusion-reading-box-additional\">En nuestro equipo incluimos profesionales de las \u00e1reas de legales, recursos humanos y contables. Si quieres postularte para trabajar en una empresa de nuestras caracter\u00edsticas, env\u00edanos tu CV.<\/div><div class=\"fusion-clearfix\"><\/div><a class=\"button fusion-button button-default fusion-button-default-size button-default-size button-flat fusion-mobile-button continue-right\" style=\"-webkit-box-shadow:none;-moz-box-shadow:none;box-shadow:none;border-radius:2px 2px 2px 2px\" href=\"http:\/\/themeforest.net\/user\/ThemeFusion\" target=\"_self\"><span>Envia tu CV<\/span><\/a><\/div><\/div><div class=\"fusion-sep-clear\"><\/div><div class=\"fusion-separator fusion-full-width-sep\" style=\"margin-left: auto;margin-right: auto;margin-top:-10px;margin-bottom:-10px;width:100%;\"><\/div><div class=\"fusion-sep-clear\"><\/div><div class=\"fusion-clearfix\"><\/div><\/div><\/div><\/div><\/div>\n","protected":false},"excerpt":{"rendered":"","protected":false},"author":4,"featured_media":0,"parent":0,"menu_order":0,"comment_status":"closed","ping_status":"closed","template":"","meta":{"_acf_changed":false,"footnotes":""},"class_list":["post-27892","page","type-page","status-publish","hentry"],"acf":[],"yoast_head":"<!-- This site is optimized with the Yoast SEO plugin v27.0 - https:\/\/yoast.com\/product\/yoast-seo-wordpress\/ -->\n<title>Our team - Advisory Services<\/title>\n<meta name=\"robots\" content=\"index, follow, max-snippet:-1, max-image-preview:large, max-video-preview:-1\" \/>\n<link rel=\"canonical\" href=\"https:\/\/andorra-advisory.com\/en\/nuestro-equipo\/\" \/>\n<meta property=\"og:locale\" content=\"en_US\" \/>\n<meta property=\"og:type\" content=\"article\" \/>\n<meta property=\"og:title\" content=\"Our team - Advisory Services\" \/>\n<meta property=\"og:url\" content=\"https:\/\/andorra-advisory.com\/en\/nuestro-equipo\/\" \/>\n<meta property=\"og:site_name\" content=\"Advisory Services\" \/>\n<meta property=\"article:publisher\" content=\"https:\/\/www.facebook.com\/andorraadvisory\" \/>\n<meta property=\"article:modified_time\" content=\"2021-01-23T17:58:45+00:00\" \/>\n<meta name=\"twitter:card\" content=\"summary_large_image\" \/>\n<meta name=\"twitter:label1\" content=\"Est. reading time\" \/>\n\t<meta name=\"twitter:data1\" content=\"3 minutes\" \/>\n<script type=\"application\/ld+json\" class=\"yoast-schema-graph\">{\"@context\":\"https:\/\/schema.org\",\"@graph\":[{\"@type\":\"WebPage\",\"@id\":\"https:\/\/andorra-advisory.com\/en\/nuestro-equipo\/\",\"url\":\"https:\/\/andorra-advisory.com\/en\/nuestro-equipo\/\",\"name\":\"Our team - Advisory Services\",\"isPartOf\":{\"@id\":\"https:\/\/andorra-advisory.com\/en\/#website\"},\"datePublished\":\"2019-01-03T16:37:25+00:00\",\"dateModified\":\"2021-01-23T17:58:45+00:00\",\"breadcrumb\":{\"@id\":\"https:\/\/andorra-advisory.com\/en\/nuestro-equipo\/#breadcrumb\"},\"inLanguage\":\"en-US\",\"potentialAction\":[{\"@type\":\"ReadAction\",\"target\":[\"https:\/\/andorra-advisory.com\/en\/nuestro-equipo\/\"]}]},{\"@type\":\"BreadcrumbList\",\"@id\":\"https:\/\/andorra-advisory.com\/en\/nuestro-equipo\/#breadcrumb\",\"itemListElement\":[{\"@type\":\"ListItem\",\"position\":1,\"name\":\"Inici\",\"item\":\"https:\/\/andorra-advisory.com\/en\/asesores-empresariales-andorra\/\"},{\"@type\":\"ListItem\",\"position\":2,\"name\":\"Our team\"}]},{\"@type\":\"WebSite\",\"@id\":\"https:\/\/andorra-advisory.com\/en\/#website\",\"url\":\"https:\/\/andorra-advisory.com\/en\/\",\"name\":\"Andorra Advisory\",\"description\":\"Serveis Fiscals Comptables\",\"potentialAction\":[{\"@type\":\"SearchAction\",\"target\":{\"@type\":\"EntryPoint\",\"urlTemplate\":\"https:\/\/andorra-advisory.com\/en\/?s={search_term_string}\"},\"query-input\":{\"@type\":\"PropertyValueSpecification\",\"valueRequired\":true,\"valueName\":\"search_term_string\"}}],\"inLanguage\":\"en-US\"}]}<\/script>\n<!-- \/ Yoast SEO plugin. -->","yoast_head_json":{"title":"Our team - Advisory Services","robots":{"index":"index","follow":"follow","max-snippet":"max-snippet:-1","max-image-preview":"max-image-preview:large","max-video-preview":"max-video-preview:-1"},"canonical":"https:\/\/andorra-advisory.com\/en\/nuestro-equipo\/","og_locale":"en_US","og_type":"article","og_title":"Our team - Advisory Services","og_url":"https:\/\/andorra-advisory.com\/en\/nuestro-equipo\/","og_site_name":"Advisory Services","article_publisher":"https:\/\/www.facebook.com\/andorraadvisory","article_modified_time":"2021-01-23T17:58:45+00:00","twitter_card":"summary_large_image","twitter_misc":{"Est. reading time":"3 minutes"},"schema":{"@context":"https:\/\/schema.org","@graph":[{"@type":"WebPage","@id":"https:\/\/andorra-advisory.com\/en\/nuestro-equipo\/","url":"https:\/\/andorra-advisory.com\/en\/nuestro-equipo\/","name":"Our team - Advisory Services","isPartOf":{"@id":"https:\/\/andorra-advisory.com\/en\/#website"},"datePublished":"2019-01-03T16:37:25+00:00","dateModified":"2021-01-23T17:58:45+00:00","breadcrumb":{"@id":"https:\/\/andorra-advisory.com\/en\/nuestro-equipo\/#breadcrumb"},"inLanguage":"en-US","potentialAction":[{"@type":"ReadAction","target":["https:\/\/andorra-advisory.com\/en\/nuestro-equipo\/"]}]},{"@type":"BreadcrumbList","@id":"https:\/\/andorra-advisory.com\/en\/nuestro-equipo\/#breadcrumb","itemListElement":[{"@type":"ListItem","position":1,"name":"Inici","item":"https:\/\/andorra-advisory.com\/en\/asesores-empresariales-andorra\/"},{"@type":"ListItem","position":2,"name":"Our team"}]},{"@type":"WebSite","@id":"https:\/\/andorra-advisory.com\/en\/#website","url":"https:\/\/andorra-advisory.com\/en\/","name":"Andorra Advisory","description":"Serveis Fiscals Comptables","potentialAction":[{"@type":"SearchAction","target":{"@type":"EntryPoint","urlTemplate":"https:\/\/andorra-advisory.com\/en\/?s={search_term_string}"},"query-input":{"@type":"PropertyValueSpecification","valueRequired":true,"valueName":"search_term_string"}}],"inLanguage":"en-US"}]}},"_links":{"self":[{"href":"https:\/\/andorra-advisory.com\/en\/wp-json\/wp\/v2\/pages\/27892","targetHints":{"allow":["GET"]}}],"collection":[{"href":"https:\/\/andorra-advisory.com\/en\/wp-json\/wp\/v2\/pages"}],"about":[{"href":"https:\/\/andorra-advisory.com\/en\/wp-json\/wp\/v2\/types\/page"}],"author":[{"embeddable":true,"href":"https:\/\/andorra-advisory.com\/en\/wp-json\/wp\/v2\/users\/4"}],"replies":[{"embeddable":true,"href":"https:\/\/andorra-advisory.com\/en\/wp-json\/wp\/v2\/comments?post=27892"}],"version-history":[{"count":4,"href":"https:\/\/andorra-advisory.com\/en\/wp-json\/wp\/v2\/pages\/27892\/revisions"}],"predecessor-version":[{"id":108560,"href":"https:\/\/andorra-advisory.com\/en\/wp-json\/wp\/v2\/pages\/27892\/revisions\/108560"}],"wp:attachment":[{"href":"https:\/\/andorra-advisory.com\/en\/wp-json\/wp\/v2\/media?parent=27892"}],"curies":[{"name":"wp","href":"https:\/\/api.w.org\/{rel}","templated":true}]}}